{"id":10,"date":"2020-01-06T13:52:52","date_gmt":"2020-01-06T13:52:52","guid":{"rendered":"https:\/\/steakhousemaria.nl\/?page_id=10"},"modified":"2026-01-27T12:13:43","modified_gmt":"2026-01-27T10:13:43","slug":"about","status":"publish","type":"page","link":"https:\/\/steakhousemaria.nl\/es\/about\/","title":{"rendered":"Acerca de"},"content":{"rendered":"<div data-elementor-type=\"wp-page\" data-elementor-id=\"10\" class=\"elementor elementor-10\" data-elementor-post-type=\"page\">\n\t\t\t\t<div class=\"elementor-element elementor-element-40a748e e-flex e-con-boxed e-con e-parent\" data-id=\"40a748e\" data-element_type=\"container\" data-e-type=\"container\">\n\t\t\t\t\t<div class=\"e-con-inner\">\n\t\t<div class=\"elementor-element elementor-element-7942141 e-con-full e-flex e-con e-child\" data-id=\"7942141\" data-element_type=\"container\" data-e-type=\"container\">\n\t\t\t\t<div class=\"elementor-element elementor-element-504ccf0 elementor-widget elementor-widget-heading\" data-id=\"504ccf0\" data-element_type=\"widget\" data-e-type=\"widget\" data-widget_type=\"heading.default\">\n\t\t\t\t\t<h1 class=\"elementor-heading-title elementor-size-default\">Acerca de Maria Argentine Steakhouse<\/h1>\t\t\t\t<\/div>\n\t\t\t\t<div class=\"elementor-element elementor-element-516ea5a elementor-widget elementor-widget-text-editor\" data-id=\"516ea5a\" data-element_type=\"widget\" data-e-type=\"widget\" data-widget_type=\"text-editor.default\">\n\t\t\t\t\t\t\t\t\t<p data-path-to-node=\"3\">Experimente el aut\u00e9ntico sabor de Argentina en Maria, situado en el coraz\u00f3n de \u00c1msterdam, en el Zeedijk. Nuestros maestros parrilleros preparan la mejor carne argentina en una parrilla de carb\u00f3n tradicional, garantizando que cada filete est\u00e9 tierno y lleno de sabor ahumado.<\/p><p data-path-to-node=\"4\">Complete su comida con nuestras frescas y crujientes ensaladas para conseguir el maridaje perfecto. En Maria, combinamos filetes de alta calidad con un ambiente c\u00e1lido para vivir una experiencia gastron\u00f3mica inolvidable en una de las calles m\u00e1s emblem\u00e1ticas de \u00c1msterdam.<\/p>\t\t\t\t\t\t\t\t<\/div>\n\t\t\t\t<\/div>\n\t\t<div class=\"elementor-element elementor-element-597948c e-con-full e-flex e-con e-child\" data-id=\"597948c\" data-element_type=\"container\" data-e-type=\"container\">\n\t\t\t\t<div class=\"elementor-element elementor-element-8481acf elementor-widget elementor-widget-image\" data-id=\"8481acf\" data-element_type=\"widget\" data-e-type=\"widget\" data-widget_type=\"image.default\">\n\t\t\t\t\t\t\t\t\t\t\t\t\t\t\t<img decoding=\"async\" src=\"https:\/\/steakhousemaria.nl\/wp-content\/uploads\/elementor\/thumbs\/Steakhouse-Maria-Outside-rgj4pl6duindarfnsqkojdxd5ataoe4ym6vafg7ma0.webp\" title=\"Asador Maria Exterior\" alt=\"Steakhouse Maria Outside\" loading=\"lazy\" \/>\t\t\t\t\t\t\t\t\t\t\t\t\t\t\t<\/div>\n\t\t\t\t<\/div>\n\t\t\t\t\t<\/div>\n\t\t\t\t<\/div>\n\t\t<div class=\"elementor-element elementor-element-092da86 e-flex e-con-boxed e-con e-parent\" data-id=\"092da86\" data-element_type=\"container\" data-e-type=\"container\" data-settings=\"{&quot;background_background&quot;:&quot;classic&quot;}\">\n\t\t\t\t\t<div class=\"e-con-inner\">\n\t\t<div class=\"elementor-element elementor-element-719f135 e-con-full e-flex e-con e-child\" data-id=\"719f135\" data-element_type=\"container\" data-e-type=\"container\">\n\t\t\t\t<div class=\"elementor-element elementor-element-50830cd elementor-widget elementor-widget-image\" data-id=\"50830cd\" data-element_type=\"widget\" data-e-type=\"widget\" data-widget_type=\"image.default\">\n\t\t\t\t\t\t\t\t\t\t\t\t\t\t\t<img fetchpriority=\"high\" decoding=\"async\" width=\"382\" height=\"510\" src=\"https:\/\/steakhousemaria.nl\/wp-content\/uploads\/2025\/12\/Steakhouse-Maria-Interiour-2.webp\" class=\"attachment-full size-full wp-image-5238\" alt=\"\" srcset=\"https:\/\/steakhousemaria.nl\/wp-content\/uploads\/2025\/12\/Steakhouse-Maria-Interiour-2.webp 382w, https:\/\/steakhousemaria.nl\/wp-content\/uploads\/2025\/12\/Steakhouse-Maria-Interiour-2-225x300.webp 225w, https:\/\/steakhousemaria.nl\/wp-content\/uploads\/2025\/12\/Steakhouse-Maria-Interiour-2-9x12.webp 9w\" sizes=\"(max-width: 382px) 100vw, 382px\" \/>\t\t\t\t\t\t\t\t\t\t\t\t\t\t\t<\/div>\n\t\t\t\t<\/div>\n\t\t<div class=\"elementor-element elementor-element-474d5a7 e-con-full e-flex e-con e-child\" data-id=\"474d5a7\" data-element_type=\"container\" data-e-type=\"container\">\n\t\t\t\t<div class=\"elementor-element elementor-element-a8fe6f1 elementor-widget elementor-widget-heading\" data-id=\"a8fe6f1\" data-element_type=\"widget\" data-e-type=\"widget\" data-widget_type=\"heading.default\">\n\t\t\t\t\t<h2 class=\"elementor-heading-title elementor-size-default\">Nuestro Interiour<\/h2>\t\t\t\t<\/div>\n\t\t\t\t<div class=\"elementor-element elementor-element-b8acfa8 elementor-widget elementor-widget-text-editor\" data-id=\"b8acfa8\" data-element_type=\"widget\" data-e-type=\"widget\" data-widget_type=\"text-editor.default\">\n\t\t\t\t\t\t\t\t\t<p data-path-to-node=\"2\">Al\u00e9jese de la animada energ\u00eda del Zeedijk y sum\u00e9rjase en el ambiente c\u00e1lido y acogedor de Maria Steakhouse. Nuestro restaurante est\u00e1 bellamente decorado para traer un verdadero pedazo de Argentina al coraz\u00f3n de \u00c1msterdam, creando un ambiente rom\u00e1ntico y acogedor para cada hu\u00e9sped.<\/p><p data-path-to-node=\"3\">El interior r\u00fastico est\u00e1 dise\u00f1ado para ser el tel\u00f3n de fondo perfecto para una experiencia gastron\u00f3mica social, tanto si est\u00e1 aqu\u00ed para una cena \u00edntima como para una celebraci\u00f3n con un grupo grande. Con mucho espacio para fiestas y ocasiones especiales, podr\u00e1 disfrutar del aut\u00e9ntico aroma de nuestra parrilla de carb\u00f3n en un espacio que se siente como en casa.<\/p>\t\t\t\t\t\t\t\t<\/div>\n\t\t\t\t<\/div>\n\t\t\t\t\t<\/div>\n\t\t\t\t<\/div>\n\t\t\t\t<section class=\"elementor-section elementor-top-section elementor-element elementor-element-10a54d0 elementor-section-boxed elementor-section-height-default elementor-section-height-default\" data-id=\"10a54d0\" data-element_type=\"section\" data-e-type=\"section\">\n\t\t\t\t\t\t<div class=\"elementor-container elementor-column-gap-default\">\n\t\t\t\t\t<div class=\"elementor-column elementor-col-100 elementor-top-column elementor-element elementor-element-05e2ff2\" data-id=\"05e2ff2\" data-element_type=\"column\" data-e-type=\"column\">\n\t\t\t<div class=\"elementor-widget-wrap elementor-element-populated\">\n\t\t\t\t\t\t<div class=\"elementor-element elementor-element-16df133 elementor-widget elementor-widget-heading\" data-id=\"16df133\" data-element_type=\"widget\" data-e-type=\"widget\" data-widget_type=\"heading.default\">\n\t\t\t\t\t<h3 class=\"elementor-heading-title elementor-size-default\">Galer\u00eda<\/h3>\t\t\t\t<\/div>\n\t\t\t\t<div class=\"elementor-element elementor-element-ba56da1 elementor-widget elementor-widget-gallery\" data-id=\"ba56da1\" data-element_type=\"widget\" data-e-type=\"widget\" data-settings=\"{&quot;columns&quot;:5,&quot;columns_mobile&quot;:2,&quot;aspect_ratio&quot;:&quot;1:1&quot;,&quot;lazyload&quot;:&quot;yes&quot;,&quot;gallery_layout&quot;:&quot;grid&quot;,&quot;columns_tablet&quot;:2,&quot;gap&quot;:{&quot;unit&quot;:&quot;px&quot;,&quot;size&quot;:10,&quot;sizes&quot;:[]},&quot;gap_tablet&quot;:{&quot;unit&quot;:&quot;px&quot;,&quot;size&quot;:10,&quot;sizes&quot;:[]},&quot;gap_mobile&quot;:{&quot;unit&quot;:&quot;px&quot;,&quot;size&quot;:10,&quot;sizes&quot;:[]},&quot;link_to&quot;:&quot;file&quot;,&quot;overlay_background&quot;:&quot;yes&quot;,&quot;content_hover_animation&quot;:&quot;fade-in&quot;}\" data-widget_type=\"gallery.default\">\n\t\t\t\t\t\t\t<div class=\"elementor-gallery__container\">\n\t\t\t\t\t\t\t<a class=\"e-gallery-item elementor-gallery-item elementor-animated-content\" href=\"https:\/\/steakhousemaria.nl\/wp-content\/uploads\/2025\/12\/Steak-Maria-1.webp\" data-elementor-open-lightbox=\"yes\" data-elementor-lightbox-slideshow=\"ba56da1\" data-elementor-lightbox-title=\"Steak Maria 1\" data-e-action-hash=\"#elementor-action%3Aaction%3Dlightbox%26settings%3DeyJpZCI6NTIzOSwidXJsIjoiaHR0cHM6XC9cL3N0ZWFraG91c2VtYXJpYS5ubFwvd3AtY29udGVudFwvdXBsb2Fkc1wvMjAyNVwvMTJcL1N0ZWFrLU1hcmlhLTEud2VicCIsInNsaWRlc2hvdyI6ImJhNTZkYTEifQ%3D%3D\">\n\t\t\t\t\t<div class=\"e-gallery-image elementor-gallery-item__image\" data-thumbnail=\"https:\/\/steakhousemaria.nl\/wp-content\/uploads\/2025\/12\/Steak-Maria-1-300x200.webp\" data-width=\"300\" data-height=\"200\" aria-label=\"\" role=\"img\" ><\/div>\n\t\t\t\t\t\t\t\t\t\t\t<div class=\"elementor-gallery-item__overlay\"><\/div>\n\t\t\t\t\t\t\t\t\t\t\t\t\t\t<\/a>\n\t\t\t\t\t\t\t<a class=\"e-gallery-item elementor-gallery-item elementor-animated-content\" href=\"https:\/\/steakhousemaria.nl\/wp-content\/uploads\/2025\/12\/Table-BBQ-Grill-2.jpg\" data-elementor-open-lightbox=\"yes\" data-elementor-lightbox-slideshow=\"ba56da1\" data-elementor-lightbox-title=\"Table BBQ Grill 2\" data-e-action-hash=\"#elementor-action%3Aaction%3Dlightbox%26settings%3DeyJpZCI6NTA0OSwidXJsIjoiaHR0cHM6XC9cL3N0ZWFraG91c2VtYXJpYS5ubFwvd3AtY29udGVudFwvdXBsb2Fkc1wvMjAyNVwvMTJcL1RhYmxlLUJCUS1HcmlsbC0yLmpwZyIsInNsaWRlc2hvdyI6ImJhNTZkYTEifQ%3D%3D\">\n\t\t\t\t\t<div class=\"e-gallery-image elementor-gallery-item__image\" data-thumbnail=\"https:\/\/steakhousemaria.nl\/wp-content\/uploads\/2025\/12\/Table-BBQ-Grill-2-138x300.jpg\" data-width=\"138\" data-height=\"300\" aria-label=\"\" role=\"img\" ><\/div>\n\t\t\t\t\t\t\t\t\t\t\t<div class=\"elementor-gallery-item__overlay\"><\/div>\n\t\t\t\t\t\t\t\t\t\t\t\t\t\t<\/a>\n\t\t\t\t\t\t\t<a class=\"e-gallery-item elementor-gallery-item elementor-animated-content\" href=\"https:\/\/steakhousemaria.nl\/wp-content\/uploads\/2025\/12\/spareribs-1.webp\" data-elementor-open-lightbox=\"yes\" data-elementor-lightbox-slideshow=\"ba56da1\" data-elementor-lightbox-title=\"spareribs 1\" data-e-action-hash=\"#elementor-action%3Aaction%3Dlightbox%26settings%3DeyJpZCI6NTA0OCwidXJsIjoiaHR0cHM6XC9cL3N0ZWFraG91c2VtYXJpYS5ubFwvd3AtY29udGVudFwvdXBsb2Fkc1wvMjAyNVwvMTJcL3NwYXJlcmlicy0xLndlYnAiLCJzbGlkZXNob3ciOiJiYTU2ZGExIn0%3D\">\n\t\t\t\t\t<div class=\"e-gallery-image elementor-gallery-item__image\" data-thumbnail=\"https:\/\/steakhousemaria.nl\/wp-content\/uploads\/2025\/12\/spareribs-1-300x200.webp\" data-width=\"300\" data-height=\"200\" aria-label=\"\" role=\"img\" ><\/div>\n\t\t\t\t\t\t\t\t\t\t\t<div class=\"elementor-gallery-item__overlay\"><\/div>\n\t\t\t\t\t\t\t\t\t\t\t\t\t\t<\/a>\n\t\t\t\t\t\t\t<a class=\"e-gallery-item elementor-gallery-item elementor-animated-content\" href=\"https:\/\/steakhousemaria.nl\/wp-content\/uploads\/2025\/12\/steak-2.webp\" data-elementor-open-lightbox=\"yes\" data-elementor-lightbox-slideshow=\"ba56da1\" data-elementor-lightbox-title=\"steak 2\" data-e-action-hash=\"#elementor-action%3Aaction%3Dlightbox%26settings%3DeyJpZCI6NDk2OCwidXJsIjoiaHR0cHM6XC9cL3N0ZWFraG91c2VtYXJpYS5ubFwvd3AtY29udGVudFwvdXBsb2Fkc1wvMjAyNVwvMTJcL3N0ZWFrLTIud2VicCIsInNsaWRlc2hvdyI6ImJhNTZkYTEifQ%3D%3D\">\n\t\t\t\t\t<div class=\"e-gallery-image elementor-gallery-item__image\" data-thumbnail=\"https:\/\/steakhousemaria.nl\/wp-content\/uploads\/2025\/12\/steak-2-300x225.webp\" data-width=\"300\" data-height=\"225\" aria-label=\"\" role=\"img\" ><\/div>\n\t\t\t\t\t\t\t\t\t\t\t<div class=\"elementor-gallery-item__overlay\"><\/div>\n\t\t\t\t\t\t\t\t\t\t\t\t\t\t<\/a>\n\t\t\t\t\t\t\t<a class=\"e-gallery-item elementor-gallery-item elementor-animated-content\" href=\"https:\/\/steakhousemaria.nl\/wp-content\/uploads\/2023\/03\/iStock-1366813676-1.jpg\" data-elementor-open-lightbox=\"yes\" data-elementor-lightbox-slideshow=\"ba56da1\" data-elementor-lightbox-title=\"Raw beef eye on a wooden cutting board next to a field knife and some sprigs of rosemary and peppercorns. Food concept. Aerial view.\" data-e-action-hash=\"#elementor-action%3Aaction%3Dlightbox%26settings%3DeyJpZCI6Mzg4NSwidXJsIjoiaHR0cHM6XC9cL3N0ZWFraG91c2VtYXJpYS5ubFwvd3AtY29udGVudFwvdXBsb2Fkc1wvMjAyM1wvMDNcL2lTdG9jay0xMzY2ODEzNjc2LTEuanBnIiwic2xpZGVzaG93IjoiYmE1NmRhMSJ9\">\n\t\t\t\t\t<div class=\"e-gallery-image elementor-gallery-item__image\" data-thumbnail=\"https:\/\/steakhousemaria.nl\/wp-content\/uploads\/2023\/03\/iStock-1366813676-1-300x200.jpg\" data-width=\"300\" data-height=\"200\" aria-label=\"\" role=\"img\" ><\/div>\n\t\t\t\t\t\t\t\t\t\t\t<div class=\"elementor-gallery-item__overlay\"><\/div>\n\t\t\t\t\t\t\t\t\t\t\t\t\t\t<\/a>\n\t\t\t\t\t<\/div>\n\t\t\t\t\t<\/div>\n\t\t\t\t<div class=\"elementor-element elementor-element-31121ea elementor-align-center elementor-widget elementor-widget-button\" data-id=\"31121ea\" data-element_type=\"widget\" data-e-type=\"widget\" data-widget_type=\"button.default\">\n\t\t\t\t\t\t\t\t\t\t<a class=\"elementor-button elementor-button-link elementor-size-sm\" href=\"\/es\/gallery\/\">\n\t\t\t\t\t\t<span class=\"elementor-button-content-wrapper\">\n\t\t\t\t\t\t\t\t\t<span class=\"elementor-button-text\">VER M\u00c1S<\/span>\n\t\t\t\t\t<\/span>\n\t\t\t\t\t<\/a>\n\t\t\t\t\t\t\t\t<\/div>\n\t\t\t\t\t<\/div>\n\t\t<\/div>\n\t\t\t\t\t<\/div>\n\t\t<\/section>\n\t\t\t\t<section class=\"elementor-section elementor-top-section elementor-element elementor-element-7aae8e7 elementor-section-boxed elementor-section-height-default elementor-section-height-default\" data-id=\"7aae8e7\" data-element_type=\"section\" data-e-type=\"section\">\n\t\t\t\t\t\t<div class=\"elementor-container elementor-column-gap-default\">\n\t\t\t\t\t<div class=\"elementor-column elementor-col-100 elementor-top-column elementor-element elementor-element-0799788\" data-id=\"0799788\" data-element_type=\"column\" data-e-type=\"column\">\n\t\t\t<div class=\"elementor-widget-wrap elementor-element-populated\">\n\t\t\t\t\t\t<div class=\"elementor-element elementor-element-52857be elementor-widget elementor-widget-spacer\" data-id=\"52857be\" data-element_type=\"widget\" data-e-type=\"widget\" data-widget_type=\"spacer.default\">\n\t\t\t\t\t\t\t<div class=\"elementor-spacer\">\n\t\t\t<div class=\"elementor-spacer-inner\"><\/div>\n\t\t<\/div>\n\t\t\t\t\t\t<\/div>\n\t\t\t\t\t<\/div>\n\t\t<\/div>\n\t\t\t\t\t<\/div>\n\t\t<\/section>\n\t\t<div class=\"elementor-element elementor-element-8947c52 e-flex e-con-boxed e-con e-parent\" data-id=\"8947c52\" data-element_type=\"container\" data-e-type=\"container\">\n\t\t\t\t\t<div class=\"e-con-inner\">\n\t\t\t\t\t<\/div>\n\t\t\t\t<\/div>\n\t\t\t\t<\/div>","protected":false},"excerpt":{"rendered":"<p>About Maria Argentine Steakhouse Experience the authentic taste of Argentina at Maria, located in the heart of Amsterdam on the Zeedijk. Our grill masters prepare the finest Argentine beef on a traditional charcoal grill, ensuring every steak is tender and full of smoky flavor. Complete your meal with our fresh, crisp salads for the perfect [&hellip;]<\/p>\n","protected":false},"author":1,"featured_media":0,"parent":0,"menu_order":0,"comment_status":"closed","ping_status":"closed","template":"","meta":{"footnotes":""},"class_list":["post-10","page","type-page","status-publish","hentry"],"yoast_head":"<!-- This site is optimized with the Yoast SEO plugin v27.5 - https:\/\/yoast.com\/product\/yoast-seo-wordpress\/ -->\n<title>About - Steakhouse Maria<\/title>\n<meta name=\"description\" content=\"Meet Steakhouse Maria, your authentic Argentine grill in Amsterdam. Discover our story, our passion for meat, and our location on the Zeedijk.\" \/>\n<meta name=\"robots\" content=\"index, follow, max-snippet:-1, max-image-preview:large, max-video-preview:-1\" \/>\n<link rel=\"canonical\" href=\"https:\/\/steakhousemaria.nl\/es\/about\/\" \/>\n<meta property=\"og:locale\" content=\"es_ES\" \/>\n<meta property=\"og:type\" content=\"article\" \/>\n<meta property=\"og:title\" content=\"About - Steakhouse Maria\" \/>\n<meta property=\"og:description\" content=\"Meet Steakhouse Maria, your authentic Argentine grill in Amsterdam. Discover our story, our passion for meat, and our location on the Zeedijk.\" \/>\n<meta property=\"og:url\" content=\"https:\/\/steakhousemaria.nl\/es\/about\/\" \/>\n<meta property=\"og:site_name\" content=\"Steakhouse Maria\" \/>\n<meta property=\"article:modified_time\" content=\"2026-01-27T10:13:43+00:00\" \/>\n<meta property=\"og:image\" content=\"https:\/\/steakhousemaria.nl\/wp-content\/uploads\/elementor\/thumbs\/Steakhouse-Maria-Outside-rgj4pl6duindarfnsqkojdxd5ataoe4ym6vafg7ma0.webp\" \/>\n<meta name=\"twitter:card\" content=\"summary_large_image\" \/>\n<meta name=\"twitter:label1\" content=\"Tiempo de lectura\" \/>\n\t<meta name=\"twitter:data1\" content=\"2 minutos\" \/>\n<script type=\"application\/ld+json\" class=\"yoast-schema-graph\">{\"@context\":\"https:\\\/\\\/schema.org\",\"@graph\":[{\"@type\":\"WebPage\",\"@id\":\"https:\\\/\\\/steakhousemaria.nl\\\/about\\\/\",\"url\":\"https:\\\/\\\/steakhousemaria.nl\\\/about\\\/\",\"name\":\"About - Steakhouse Maria\",\"isPartOf\":{\"@id\":\"https:\\\/\\\/steakhousemaria.nl\\\/#website\"},\"primaryImageOfPage\":{\"@id\":\"https:\\\/\\\/steakhousemaria.nl\\\/about\\\/#primaryimage\"},\"image\":{\"@id\":\"https:\\\/\\\/steakhousemaria.nl\\\/about\\\/#primaryimage\"},\"thumbnailUrl\":\"https:\\\/\\\/steakhousemaria.nl\\\/wp-content\\\/uploads\\\/elementor\\\/thumbs\\\/Steakhouse-Maria-Outside-rgj4pl6duindarfnsqkojdxd5ataoe4ym6vafg7ma0.webp\",\"datePublished\":\"2020-01-06T13:52:52+00:00\",\"dateModified\":\"2026-01-27T10:13:43+00:00\",\"description\":\"Meet Steakhouse Maria, your authentic Argentine grill in Amsterdam. Discover our story, our passion for meat, and our location on the Zeedijk.\",\"breadcrumb\":{\"@id\":\"https:\\\/\\\/steakhousemaria.nl\\\/about\\\/#breadcrumb\"},\"inLanguage\":\"es\",\"potentialAction\":[{\"@type\":\"ReadAction\",\"target\":[\"https:\\\/\\\/steakhousemaria.nl\\\/about\\\/\"]}]},{\"@type\":\"ImageObject\",\"inLanguage\":\"es\",\"@id\":\"https:\\\/\\\/steakhousemaria.nl\\\/about\\\/#primaryimage\",\"url\":\"https:\\\/\\\/steakhousemaria.nl\\\/wp-content\\\/uploads\\\/elementor\\\/thumbs\\\/Steakhouse-Maria-Outside-rgj4pl6duindarfnsqkojdxd5ataoe4ym6vafg7ma0.webp\",\"contentUrl\":\"https:\\\/\\\/steakhousemaria.nl\\\/wp-content\\\/uploads\\\/elementor\\\/thumbs\\\/Steakhouse-Maria-Outside-rgj4pl6duindarfnsqkojdxd5ataoe4ym6vafg7ma0.webp\"},{\"@type\":\"BreadcrumbList\",\"@id\":\"https:\\\/\\\/steakhousemaria.nl\\\/about\\\/#breadcrumb\",\"itemListElement\":[{\"@type\":\"ListItem\",\"position\":1,\"name\":\"Home\",\"item\":\"https:\\\/\\\/steakhousemaria.nl\\\/\"},{\"@type\":\"ListItem\",\"position\":2,\"name\":\"About\"}]},{\"@type\":\"WebSite\",\"@id\":\"https:\\\/\\\/steakhousemaria.nl\\\/#website\",\"url\":\"https:\\\/\\\/steakhousemaria.nl\\\/\",\"name\":\"Steakhouse Maria\",\"description\":\"Argentine Steakhouse Restaurant\",\"publisher\":{\"@id\":\"https:\\\/\\\/steakhousemaria.nl\\\/#organization\"},\"potentialAction\":[{\"@type\":\"SearchAction\",\"target\":{\"@type\":\"EntryPoint\",\"urlTemplate\":\"https:\\\/\\\/steakhousemaria.nl\\\/?s={search_term_string}\"},\"query-input\":{\"@type\":\"PropertyValueSpecification\",\"valueRequired\":true,\"valueName\":\"search_term_string\"}}],\"inLanguage\":\"es\"},{\"@type\":\"Organization\",\"@id\":\"https:\\\/\\\/steakhousemaria.nl\\\/#organization\",\"name\":\"Steakhouse Maria\",\"url\":\"https:\\\/\\\/steakhousemaria.nl\\\/\",\"logo\":{\"@type\":\"ImageObject\",\"inLanguage\":\"es\",\"@id\":\"https:\\\/\\\/steakhousemaria.nl\\\/#\\\/schema\\\/logo\\\/image\\\/\",\"url\":\"https:\\\/\\\/steakhousemaria.nl\\\/wp-content\\\/uploads\\\/2025\\\/12\\\/Maria-logo.webp\",\"contentUrl\":\"https:\\\/\\\/steakhousemaria.nl\\\/wp-content\\\/uploads\\\/2025\\\/12\\\/Maria-logo.webp\",\"width\":751,\"height\":700,\"caption\":\"Steakhouse Maria\"},\"image\":{\"@id\":\"https:\\\/\\\/steakhousemaria.nl\\\/#\\\/schema\\\/logo\\\/image\\\/\"}}]}<\/script>\n<!-- \/ Yoast SEO plugin. -->","yoast_head_json":{"title":"About - Steakhouse Maria","description":"Meet Steakhouse Maria, your authentic Argentine grill in Amsterdam. Discover our story, our passion for meat, and our location on the Zeedijk.","robots":{"index":"index","follow":"follow","max-snippet":"max-snippet:-1","max-image-preview":"max-image-preview:large","max-video-preview":"max-video-preview:-1"},"canonical":"https:\/\/steakhousemaria.nl\/es\/about\/","og_locale":"es_ES","og_type":"article","og_title":"About - Steakhouse Maria","og_description":"Meet Steakhouse Maria, your authentic Argentine grill in Amsterdam. Discover our story, our passion for meat, and our location on the Zeedijk.","og_url":"https:\/\/steakhousemaria.nl\/es\/about\/","og_site_name":"Steakhouse Maria","article_modified_time":"2026-01-27T10:13:43+00:00","og_image":[{"url":"https:\/\/steakhousemaria.nl\/wp-content\/uploads\/elementor\/thumbs\/Steakhouse-Maria-Outside-rgj4pl6duindarfnsqkojdxd5ataoe4ym6vafg7ma0.webp","type":"","width":"","height":""}],"twitter_card":"summary_large_image","twitter_misc":{"Tiempo de lectura":"2 minutos"},"schema":{"@context":"https:\/\/schema.org","@graph":[{"@type":"WebPage","@id":"https:\/\/steakhousemaria.nl\/about\/","url":"https:\/\/steakhousemaria.nl\/about\/","name":"About - Steakhouse Maria","isPartOf":{"@id":"https:\/\/steakhousemaria.nl\/#website"},"primaryImageOfPage":{"@id":"https:\/\/steakhousemaria.nl\/about\/#primaryimage"},"image":{"@id":"https:\/\/steakhousemaria.nl\/about\/#primaryimage"},"thumbnailUrl":"https:\/\/steakhousemaria.nl\/wp-content\/uploads\/elementor\/thumbs\/Steakhouse-Maria-Outside-rgj4pl6duindarfnsqkojdxd5ataoe4ym6vafg7ma0.webp","datePublished":"2020-01-06T13:52:52+00:00","dateModified":"2026-01-27T10:13:43+00:00","description":"Meet Steakhouse Maria, your authentic Argentine grill in Amsterdam. Discover our story, our passion for meat, and our location on the Zeedijk.","breadcrumb":{"@id":"https:\/\/steakhousemaria.nl\/about\/#breadcrumb"},"inLanguage":"es","potentialAction":[{"@type":"ReadAction","target":["https:\/\/steakhousemaria.nl\/about\/"]}]},{"@type":"ImageObject","inLanguage":"es","@id":"https:\/\/steakhousemaria.nl\/about\/#primaryimage","url":"https:\/\/steakhousemaria.nl\/wp-content\/uploads\/elementor\/thumbs\/Steakhouse-Maria-Outside-rgj4pl6duindarfnsqkojdxd5ataoe4ym6vafg7ma0.webp","contentUrl":"https:\/\/steakhousemaria.nl\/wp-content\/uploads\/elementor\/thumbs\/Steakhouse-Maria-Outside-rgj4pl6duindarfnsqkojdxd5ataoe4ym6vafg7ma0.webp"},{"@type":"BreadcrumbList","@id":"https:\/\/steakhousemaria.nl\/about\/#breadcrumb","itemListElement":[{"@type":"ListItem","position":1,"name":"Home","item":"https:\/\/steakhousemaria.nl\/"},{"@type":"ListItem","position":2,"name":"About"}]},{"@type":"WebSite","@id":"https:\/\/steakhousemaria.nl\/#website","url":"https:\/\/steakhousemaria.nl\/","name":"Asador Mar\u00eda","description":"Restaurante Asador Argentino","publisher":{"@id":"https:\/\/steakhousemaria.nl\/#organization"},"potentialAction":[{"@type":"SearchAction","target":{"@type":"EntryPoint","urlTemplate":"https:\/\/steakhousemaria.nl\/?s={search_term_string}"},"query-input":{"@type":"PropertyValueSpecification","valueRequired":true,"valueName":"search_term_string"}}],"inLanguage":"es"},{"@type":"Organization","@id":"https:\/\/steakhousemaria.nl\/#organization","name":"Asador Mar\u00eda","url":"https:\/\/steakhousemaria.nl\/","logo":{"@type":"ImageObject","inLanguage":"es","@id":"https:\/\/steakhousemaria.nl\/#\/schema\/logo\/image\/","url":"https:\/\/steakhousemaria.nl\/wp-content\/uploads\/2025\/12\/Maria-logo.webp","contentUrl":"https:\/\/steakhousemaria.nl\/wp-content\/uploads\/2025\/12\/Maria-logo.webp","width":751,"height":700,"caption":"Steakhouse Maria"},"image":{"@id":"https:\/\/steakhousemaria.nl\/#\/schema\/logo\/image\/"}}]}},"_links":{"self":[{"href":"https:\/\/steakhousemaria.nl\/es\/wp-json\/wp\/v2\/pages\/10","targetHints":{"allow":["GET"]}}],"collection":[{"href":"https:\/\/steakhousemaria.nl\/es\/wp-json\/wp\/v2\/pages"}],"about":[{"href":"https:\/\/steakhousemaria.nl\/es\/wp-json\/wp\/v2\/types\/page"}],"author":[{"embeddable":true,"href":"https:\/\/steakhousemaria.nl\/es\/wp-json\/wp\/v2\/users\/1"}],"replies":[{"embeddable":true,"href":"https:\/\/steakhousemaria.nl\/es\/wp-json\/wp\/v2\/comments?post=10"}],"version-history":[{"count":117,"href":"https:\/\/steakhousemaria.nl\/es\/wp-json\/wp\/v2\/pages\/10\/revisions"}],"predecessor-version":[{"id":5326,"href":"https:\/\/steakhousemaria.nl\/es\/wp-json\/wp\/v2\/pages\/10\/revisions\/5326"}],"wp:attachment":[{"href":"https:\/\/steakhousemaria.nl\/es\/wp-json\/wp\/v2\/media?parent=10"}],"curies":[{"name":"wp","href":"https:\/\/api.w.org\/{rel}","templated":true}]}}